{"id":65,"date":"2021-09-08T16:53:54","date_gmt":"2021-09-08T13:53:54","guid":{"rendered":"https:\/\/dev3.ingvarvillido.com\/?page_id=65"},"modified":"2021-09-08T18:14:34","modified_gmt":"2021-09-08T15:14:34","slug":"kasutustingimused","status":"publish","type":"page","link":"https:\/\/dev3.ingvarvillido.com\/et\/kasutustingimused\/","title":{"rendered":"Kasutustingimused"},"content":{"rendered":"<div class=\"fusion-fullwidth fullwidth-box fusion-builder-row-1 fusion-flex-container nonhundred-percent-fullwidth non-hundred-percent-height-scrolling\" style=\"background-color: rgba(255,255,255,0);background-position: center center;background-repeat: no-repeat;border-width: 0px 0px 0px 0px;border-color:#e2e2e2;border-style:solid;\" ><div class=\"fusion-builder-row fusion-row fusion-flex-align-items-flex-start fusion-flex-justify-content-center\" style=\"max-width:1248px;margin-left: calc(-4% \/ 2 );margin-right: calc(-4% \/ 2 );\"><div class=\"fusion-layout-column fusion_builder_column fusion-builder-column-0 fusion_builder_column_2_3 2_3 fusion-flex-column\"><div class=\"fusion-column-wrapper fusion-flex-justify-content-flex-start fusion-content-layout-column\" style=\"background-position:left top;background-repeat:no-repeat;-webkit-background-size:cover;-moz-background-size:cover;-o-background-size:cover;background-size:cover;padding: 0px 0px 0px 0px;\"><style type=\"text\/css\">@media only screen and (max-width:1024px) {.fusion-title.fusion-title-1{margin-top:10px!important; margin-right:0px!important;margin-bottom:15px!important;margin-left:0px!important;}}@media only screen and (max-width:640px) {.fusion-title.fusion-title-1{margin-top:10px!important; margin-right:0px!important;margin-bottom:10px!important; margin-left:0px!important;}}<\/style><div class=\"fusion-title title fusion-title-1 fusion-sep-none fusion-title-center fusion-title-text fusion-title-size-one\" style=\"margin-top:10px;margin-right:0px;margin-bottom:15px;margin-left:0px;\"><h1 class=\"title-heading-center fusion-responsive-typography-calculated\" style=\"margin:0;--fontSize:30;line-height:1.4;\">Ingvarvillido.com kasutustingimused<\/h1><\/div><div class=\"fusion-text fusion-text-1\"><div class=\"fusion-text\">\n<div class=\"fusion-text\">\n<p>Human O\u00dc (edaspidi Human) pakub veebilehte ingvarvillido.com (edaspidi Leht) ja lehel toodud infot, k\u00f5iki tekste, artikleid, loengute salvestisi jm audio- ja videomaterjale, fotosid jms (edaspidi Sisu) kasutamiseks j\u00e4rgnevate kasutustingimuste (edaspidi tingimused) kohaselt. Kasutades Lehte v\u00f5i Sisu mistahes viisil n\u00f5ustud j\u00e4rgnevate tingimustega:<\/p>\n<p>1. Lehel pakutavat Sisu v\u00f5ib kasutada koosk\u00f5las Tingimustega isiklikul otstarbel ilma varalise v\u00f5i \u00e4rilise kasu saamise eesm\u00e4rgita ning autori\u00f5iguse seaduses toodu kohaselt. Ingvar Villido autori\u00f5igusega kaitstud Sisu muutmine, kopeerimine, levitamine, avalik esitamine v\u00f5i t\u00f5lkimine teise keelde jms kasutamine on lubatud ainult Humani eelneval kirjalikul loal. Ingvar Villido on Teadliku Muutuse Kunsti kursuste autorina andnud litsentsilepingu alusel Humanile eksklusiivsed \u00f5igused haridusprogrammi sisu haldamiseks, korraldamiseks, vahendamiseks, levitamiseks ja esindamiseks \u00e4rilistes toimingutes.<\/p>\n<p>2. Human 2.0 Upgrade Yourself logo ja Teadliku Muutuse Kunst on Humani registreeritud kaubam\u00e4rgid, mille kasutamiseks on vajalik Humani eelnev kirjalik n\u00f5usolek.<\/p>\n<p>3. Leht on m\u00f5eldud kasutamiseks v\u00e4hemalt 18-aastasele t\u00e4isealisele inimesele. Alaealisel tuleb Sisu kasutamiseks k\u00fcsida n\u00f5usolek oma vanemalt ning kasutada seda vastavalt vanema juhistele.<\/p>\n<p>4. Lehel pakutav Sisu on \u00fcldise info andmiseks lehel k\u00e4sitletavate teemade kohta ja ei ole etten\u00e4htud asendama meditsiinilist n\u00f5ustamist, ennetust, diagnoosi v\u00f5i ravi. Seet\u00f5ttu ei tohi lehe sisu kasutada haiguste diagnoosimiseks, ravimiseks ega m\u00e4\u00e4ratud ravi asendamiseks. Tervisega seotud probleemide korral tuleb p\u00f6\u00f6rduda n\u00f5u ja abi saamiseks arsti poole.<\/p>\n<p>5. Human v\u00f5ib igal ajal muuta Tingimusi, Lehte ja pakutavat Sisu ilma sellest ette teatamata. Muudatused j\u00f5ustuvad nende \u00fcles panemise ajast.<\/p>\n<p>6. Human pakub Lehte \u201cAS IS\u201d ehk \u201cnii nagu see on p\u00f5him\u00f5ttel\u201d ega vastuta j\u00e4rgneva eest:<\/p>\n<ul>\n<li>Lehe mistahes p\u00f5hjusel mittetoimimise, selle mis tahes t\u00f5rgete v\u00f5i puuduste eest;<\/li>\n<li>konkreetse Sisu (teksti, artikli, loengu salvestise v\u00f5i muu audio- v\u00f5i videomaterjali vms) j\u00e4tkuva k\u00e4ttesaadavuse eest Lehel;<\/li>\n<li>Lehe v\u00f5i Sisu sobivuse eest mistahes muul eesm\u00e4rgil kasutamiseks kui \u00fcldise info saamiseks Lehel k\u00e4sitletavate teemade kohta;<\/li>\n<li>selle, eest, et Lehel pakutav info k\u00e4sitletavate teemade kohta on t\u00e4ielik ja ammendav.<\/li>\n<\/ul>\n<p>7. Lehe, Sisu v\u00f5i Tingimustega seotud k\u00fcsimused v\u00f5i avaldused tuleb saata aadressil team@ingvarvillido.com. Lehele, Sisule ja Tingimustele kohaldub Eesti \u00f5igus ja Lehe, Sisu v\u00f5i Tingimustega seotud juriidilised n\u00f5uded lahendatakse vastavalt Eesti Vabariigis kehtivatele \u00f5igusaktidele Harju Maakohtus.<\/p>\n<\/div>\n<\/div>\n<\/div><\/div><style type=\"text\/css\">.fusion-body .fusion-builder-column-0{width:66.666666666667% !important;margin-top : 0px;margin-bottom : 20px;}.fusion-builder-column-0 > .fusion-column-wrapper {padding-top : 0px !important;padding-right : 0px !important;margin-right : 2.88%;padding-bottom : 0px !important;padding-left : 0px !important;margin-left : 2.88%;}@media only screen and (max-width:1024px) {.fusion-body .fusion-builder-column-0{width:66.666666666667% !important;order : 0;}.fusion-builder-column-0 > .fusion-column-wrapper {margin-right : 2.88%;margin-left : 2.88%;}}@media only screen and (max-width:640px) {.fusion-body .fusion-builder-column-0{width:100% !important;order : 0;}.fusion-builder-column-0 > .fusion-column-wrapper {margin-right : 1.92%;margin-left : 1.92%;}}<\/style><\/div><\/div><style type=\"text\/css\">.fusion-body .fusion-flex-container.fusion-builder-row-1{ padding-top : 0px;margin-top : 0px;padding-right : 0px;padding-bottom : 0px;margin-bottom : 0px;padding-left : 0px;}<\/style><\/div>\n","protected":false},"excerpt":{"rendered":"","protected":false},"author":2,"featured_media":0,"parent":0,"menu_order":0,"comment_status":"closed","ping_status":"closed","template":"","meta":{"footnotes":""},"class_list":["post-65","page","type-page","status-publish","hentry"],"yoast_head":"<!-- This site is optimized with the Yoast SEO plugin v17.0 - https:\/\/yoast.com\/wordpress\/plugins\/seo\/ -->\n<title>Kasutustingimused - Ingvar Villido<\/title>\n<meta name=\"robots\" content=\"noindex, follow, max-snippet:-1, max-image-preview:large, max-video-preview:-1\" \/>\n<meta property=\"og:locale\" content=\"et_EE\" \/>\n<meta property=\"og:type\" content=\"article\" \/>\n<meta property=\"og:title\" content=\"Kasutustingimused - Ingvar Villido\" \/>\n<meta property=\"og:url\" content=\"https:\/\/dev3.ingvarvillido.com\/et\/kasutustingimused\/\" \/>\n<meta property=\"og:site_name\" content=\"Ingvar Villido\" \/>\n<meta property=\"article:modified_time\" content=\"2021-09-08T15:14:34+00:00\" \/>\n<meta name=\"twitter:card\" content=\"summary_large_image\" \/>\n<meta name=\"twitter:label1\" content=\"Est. reading time\" \/>\n\t<meta name=\"twitter:data1\" content=\"6 minutit\" \/>\n<script type=\"application\/ld+json\" class=\"yoast-schema-graph\">{\"@context\":\"https:\/\/schema.org\",\"@graph\":[{\"@type\":\"WebSite\",\"@id\":\"https:\/\/dev3.ingvarvillido.com\/et\/#website\",\"url\":\"https:\/\/dev3.ingvarvillido.com\/et\/\",\"name\":\"Ingvar Villido\",\"description\":\"-\",\"potentialAction\":[{\"@type\":\"SearchAction\",\"target\":{\"@type\":\"EntryPoint\",\"urlTemplate\":\"https:\/\/dev3.ingvarvillido.com\/et\/?s={search_term_string}\"},\"query-input\":\"required name=search_term_string\"}],\"inLanguage\":\"et\"},{\"@type\":\"WebPage\",\"@id\":\"https:\/\/dev3.ingvarvillido.com\/et\/kasutustingimused\/#webpage\",\"url\":\"https:\/\/dev3.ingvarvillido.com\/et\/kasutustingimused\/\",\"name\":\"Kasutustingimused - Ingvar Villido\",\"isPartOf\":{\"@id\":\"https:\/\/dev3.ingvarvillido.com\/et\/#website\"},\"datePublished\":\"2021-09-08T13:53:54+00:00\",\"dateModified\":\"2021-09-08T15:14:34+00:00\",\"breadcrumb\":{\"@id\":\"https:\/\/dev3.ingvarvillido.com\/et\/kasutustingimused\/#breadcrumb\"},\"inLanguage\":\"et\",\"potentialAction\":[{\"@type\":\"ReadAction\",\"target\":[\"https:\/\/dev3.ingvarvillido.com\/et\/kasutustingimused\/\"]}]},{\"@type\":\"BreadcrumbList\",\"@id\":\"https:\/\/dev3.ingvarvillido.com\/et\/kasutustingimused\/#breadcrumb\",\"itemListElement\":[{\"@type\":\"ListItem\",\"position\":1,\"name\":\"Home\",\"item\":\"https:\/\/dev3.ingvarvillido.com\/\"},{\"@type\":\"ListItem\",\"position\":2,\"name\":\"Kasutustingimused\"}]}]}<\/script>\n<!-- \/ Yoast SEO plugin. -->","yoast_head_json":{"title":"Kasutustingimused - Ingvar Villido","robots":{"index":"noindex","follow":"follow","max-snippet":"max-snippet:-1","max-image-preview":"max-image-preview:large","max-video-preview":"max-video-preview:-1"},"og_locale":"et_EE","og_type":"article","og_title":"Kasutustingimused - Ingvar Villido","og_url":"https:\/\/dev3.ingvarvillido.com\/et\/kasutustingimused\/","og_site_name":"Ingvar Villido","article_modified_time":"2021-09-08T15:14:34+00:00","twitter_card":"summary_large_image","twitter_misc":{"Est. reading time":"6 minutit"},"schema":{"@context":"https:\/\/schema.org","@graph":[{"@type":"WebSite","@id":"https:\/\/dev3.ingvarvillido.com\/et\/#website","url":"https:\/\/dev3.ingvarvillido.com\/et\/","name":"Ingvar Villido","description":"-","potentialAction":[{"@type":"SearchAction","target":{"@type":"EntryPoint","urlTemplate":"https:\/\/dev3.ingvarvillido.com\/et\/?s={search_term_string}"},"query-input":"required name=search_term_string"}],"inLanguage":"et"},{"@type":"WebPage","@id":"https:\/\/dev3.ingvarvillido.com\/et\/kasutustingimused\/#webpage","url":"https:\/\/dev3.ingvarvillido.com\/et\/kasutustingimused\/","name":"Kasutustingimused - Ingvar Villido","isPartOf":{"@id":"https:\/\/dev3.ingvarvillido.com\/et\/#website"},"datePublished":"2021-09-08T13:53:54+00:00","dateModified":"2021-09-08T15:14:34+00:00","breadcrumb":{"@id":"https:\/\/dev3.ingvarvillido.com\/et\/kasutustingimused\/#breadcrumb"},"inLanguage":"et","potentialAction":[{"@type":"ReadAction","target":["https:\/\/dev3.ingvarvillido.com\/et\/kasutustingimused\/"]}]},{"@type":"BreadcrumbList","@id":"https:\/\/dev3.ingvarvillido.com\/et\/kasutustingimused\/#breadcrumb","itemListElement":[{"@type":"ListItem","position":1,"name":"Home","item":"https:\/\/dev3.ingvarvillido.com\/"},{"@type":"ListItem","position":2,"name":"Kasutustingimused"}]}]}},"_links":{"self":[{"href":"https:\/\/dev3.ingvarvillido.com\/et\/wp-json\/wp\/v2\/pages\/65","targetHints":{"allow":["GET"]}}],"collection":[{"href":"https:\/\/dev3.ingvarvillido.com\/et\/wp-json\/wp\/v2\/pages"}],"about":[{"href":"https:\/\/dev3.ingvarvillido.com\/et\/wp-json\/wp\/v2\/types\/page"}],"author":[{"embeddable":true,"href":"https:\/\/dev3.ingvarvillido.com\/et\/wp-json\/wp\/v2\/users\/2"}],"replies":[{"embeddable":true,"href":"https:\/\/dev3.ingvarvillido.com\/et\/wp-json\/wp\/v2\/comments?post=65"}],"version-history":[{"count":2,"href":"https:\/\/dev3.ingvarvillido.com\/et\/wp-json\/wp\/v2\/pages\/65\/revisions"}],"predecessor-version":[{"id":68,"href":"https:\/\/dev3.ingvarvillido.com\/et\/wp-json\/wp\/v2\/pages\/65\/revisions\/68"}],"wp:attachment":[{"href":"https:\/\/dev3.ingvarvillido.com\/et\/wp-json\/wp\/v2\/media?parent=65"}],"curies":[{"name":"wp","href":"https:\/\/api.w.org\/{rel}","templated":true}]}}